{"id":3129,"date":"2022-08-02T10:18:45","date_gmt":"2022-08-02T14:18:45","guid":{"rendered":"https:\/\/boutique.guidekink.com\/?post_type=product&#038;p=3129"},"modified":"2022-08-02T11:01:12","modified_gmt":"2022-08-02T15:01:12","slug":"4-cordes-8m","status":"publish","type":"product","link":"https:\/\/boutique.guidekink.com\/index.php\/produit\/4-cordes-8m\/","title":{"rendered":"Ensemble de 4 cordes de 8m"},"content":{"rendered":"<p>Cet ensemble de cordes en jute est id\u00e9al pour pratiquer le bondage japonais, aussi appel\u00e9 le shibari ou le kinbaku.<\/p>\n<p>Nous utilisons la meilleure qualit\u00e9 de jute possible sur le march\u00e9 pour faire nos cordes qui sont trait\u00e9es avec de l&rsquo;huile de jojoba. Ainsi, vous pourrez profitez d&rsquo;une exp\u00e9rience des plus agr\u00e9ables tout en laissant une sensation confortable sur votre peau. Les fibres choisies sont enti\u00e8rement naturel, \u00e9cologique et sans produits chimiques pouvant \u00eatre irritants pour votre peau. Pour garder une couleur uniforme, les cordes ont \u00e9t\u00e9 adoucies par friction plut\u00f4t que par combustion.<\/p>\n<p>L&rsquo;art du bondage est tout autant satisfaisant \u00e0 regarder qu&rsquo;\u00e0 se faire attacher. Il est \u00e9galement tr\u00e8s populaire dans le milieu BDSM. Il est facile de le pratiquer et avec la bonne formation, vos cr\u00e9ations peuvent devenir des chefs-d&rsquo;\u0153uvre. Que vous soyez nouveau ou exp\u00e9riment\u00e9, ces cordes sauront vous satisfaire puisqu&rsquo;elles sont tout autant adapt\u00e9es pour des s\u00e9ances de jeu au sol qu&rsquo;en suspension.<\/p>\n<p>Contactez-nous par message pour avoir un ensemble personnalis\u00e9 comprenant les longueurs et le nombre de cordes de votre choix.<\/p>\n<p>Pour \u00e9viter d&rsquo;endommager la corde, gardez-la \u00e9loign\u00e9e de liquide ou de source de chaleur intense. Le contact avec l&rsquo;huile naturelle de la peau permet de pr\u00e9server son \u00e9tat. Si l&rsquo;utilisation de la corde ne se fait pas avec un contact direct de la peau, alors appliquez de l&rsquo;huile de jojoba en petite dose pour qu&rsquo;elle reste en bonne condition.<\/p>\n<p>Avertissement<br \/>\n***Nous ne sommes pas responsables des blessures qui peuvent \u00eatre caus\u00e9es par une mauvaise utilisation ou par un manque d&rsquo;exp\u00e9rience. Il est de votre devoir de vous renseigner et d&rsquo;apprendre les bases du bondage avant de tenter quoi que ce soit.***<\/p>\n<p>Ce lot comprend une ensemble de 4 corde d&rsquo;une longueur de 8m (26 ft).<\/p>\n<p>Nous utilisons la meilleure qualit\u00e9 de jute possible pour faire nos cordes qui sont trait\u00e9es avec de l&rsquo;huile de jojoba pour une exp\u00e9rience agr\u00e9able.<\/p>\n<p>Si les cordes ne vous conviennent pas, vous pouvez nous les retourner pour un remboursement. Certaines conditions s&rsquo;appliquent.<\/p>\n<p>Zone technique:<br \/>\nLongueur: 4x 8m (26ft)<br \/>\nDiam\u00e8tre: 6mm<br \/>\nFibre: jute tossa sans aucun JBO<br \/>\nCorde single ply tressage en Z<br \/>\nNoeuds aux extr\u00e9mit\u00e9s fait \u00e0 la main et v\u00e9rifi\u00e9<\/p>\n","protected":false},"excerpt":{"rendered":"<p>Le bondage est une des pratiques les plus courantes du milieu BDSM. Avec cet ensemble, vous pourrez pratiquer plusieurs jeux de restriction.<\/p>\n","protected":false},"featured_media":0,"comment_status":"open","ping_status":"closed","template":"","meta":{"_mi_skip_tracking":false,"site-sidebar-layout":"default","site-content-layout":"default","ast-main-header-display":"","ast-hfb-above-header-display":"","ast-hfb-below-header-display":"","ast-hfb-mobile-header-display":"","site-post-title":"","ast-breadcrumbs-content":"disabled","ast-featured-img":"","footer-sml-layout":"","theme-transparent-header-meta":"","adv-header-id-meta":"","stick-header-meta":"","header-above-stick-meta":"","header-main-stick-meta":"","header-below-stick-meta":"","spay_email":""},"product_cat":[42,61],"product_tag":[],"yoast_head":"<!-- This site is optimized with the Yoast SEO plugin v18.1 - https:\/\/yoast.com\/wordpress\/plugins\/seo\/ -->\n<title>Ensemble de 4 cordes de 8m - Boutique Kink<\/title>\n<meta name=\"robots\" content=\"noindex, follow, max-snippet:-1, max-image-preview:large, max-video-preview:-1\" \/>\n<meta property=\"og:locale\" content=\"fr_FR\" \/>\n<meta property=\"og:type\" content=\"article\" \/>\n<meta property=\"og:title\" content=\"Ensemble de 4 cordes de 8m - Boutique Kink\" \/>\n<meta property=\"og:description\" content=\"Le bondage est une des pratiques les plus courantes du milieu BDSM. Avec cet ensemble, vous pourrez pratiquer plusieurs jeux de restriction.\" \/>\n<meta property=\"og:url\" content=\"https:\/\/boutique.guidekink.com\/index.php\/produit\/4-cordes-8m\/\" \/>\n<meta property=\"og:site_name\" content=\"Boutique Kink\" \/>\n<meta property=\"article:modified_time\" content=\"2022-08-02T15:01:12+00:00\" \/>\n<meta name=\"twitter:card\" content=\"summary_large_image\" \/>\n<meta name=\"twitter:label1\" content=\"Dur\u00e9e de lecture estim\u00e9e\" \/>\n\t<meta name=\"twitter:data1\" content=\"2 minutes\" \/>\n<script type=\"application\/ld+json\" class=\"yoast-schema-graph\">{\"@context\":\"https:\/\/schema.org\",\"@graph\":[{\"@type\":\"WebSite\",\"@id\":\"https:\/\/boutique.guidekink.com\/#website\",\"url\":\"https:\/\/boutique.guidekink.com\/\",\"name\":\"Boutique Kink\",\"description\":\"\",\"potentialAction\":[{\"@type\":\"SearchAction\",\"target\":{\"@type\":\"EntryPoint\",\"urlTemplate\":\"https:\/\/boutique.guidekink.com\/?s={search_term_string}\"},\"query-input\":\"required name=search_term_string\"}],\"inLanguage\":\"fr-FR\"},{\"@type\":\"WebPage\",\"@id\":\"https:\/\/boutique.guidekink.com\/index.php\/produit\/4-cordes-8m\/#webpage\",\"url\":\"https:\/\/boutique.guidekink.com\/index.php\/produit\/4-cordes-8m\/\",\"name\":\"Ensemble de 4 cordes de 8m - Boutique Kink\",\"isPartOf\":{\"@id\":\"https:\/\/boutique.guidekink.com\/#website\"},\"datePublished\":\"2022-08-02T14:18:45+00:00\",\"dateModified\":\"2022-08-02T15:01:12+00:00\",\"breadcrumb\":{\"@id\":\"https:\/\/boutique.guidekink.com\/index.php\/produit\/4-cordes-8m\/#breadcrumb\"},\"inLanguage\":\"fr-FR\",\"potentialAction\":[{\"@type\":\"ReadAction\",\"target\":[\"https:\/\/boutique.guidekink.com\/index.php\/produit\/4-cordes-8m\/\"]}]},{\"@type\":\"BreadcrumbList\",\"@id\":\"https:\/\/boutique.guidekink.com\/index.php\/produit\/4-cordes-8m\/#breadcrumb\",\"itemListElement\":[{\"@type\":\"ListItem\",\"position\":1,\"name\":\"Accueil\",\"item\":\"https:\/\/boutique.guidekink.com\/\"},{\"@type\":\"ListItem\",\"position\":2,\"name\":\"Boutique\",\"item\":\"https:\/\/boutique.guidekink.com\/index.php\/boutique\/\"},{\"@type\":\"ListItem\",\"position\":3,\"name\":\"Ensemble de 4 cordes de 8m\"}]}]}<\/script>\n<!-- \/ Yoast SEO plugin. -->","yoast_head_json":{"title":"Ensemble de 4 cordes de 8m - Boutique Kink","robots":{"index":"noindex","follow":"follow","max-snippet":"max-snippet:-1","max-image-preview":"max-image-preview:large","max-video-preview":"max-video-preview:-1"},"og_locale":"fr_FR","og_type":"article","og_title":"Ensemble de 4 cordes de 8m - Boutique Kink","og_description":"Le bondage est une des pratiques les plus courantes du milieu BDSM. Avec cet ensemble, vous pourrez pratiquer plusieurs jeux de restriction.","og_url":"https:\/\/boutique.guidekink.com\/index.php\/produit\/4-cordes-8m\/","og_site_name":"Boutique Kink","article_modified_time":"2022-08-02T15:01:12+00:00","twitter_card":"summary_large_image","twitter_misc":{"Dur\u00e9e de lecture estim\u00e9e":"2 minutes"},"schema":{"@context":"https:\/\/schema.org","@graph":[{"@type":"WebSite","@id":"https:\/\/boutique.guidekink.com\/#website","url":"https:\/\/boutique.guidekink.com\/","name":"Boutique Kink","description":"","potentialAction":[{"@type":"SearchAction","target":{"@type":"EntryPoint","urlTemplate":"https:\/\/boutique.guidekink.com\/?s={search_term_string}"},"query-input":"required name=search_term_string"}],"inLanguage":"fr-FR"},{"@type":"WebPage","@id":"https:\/\/boutique.guidekink.com\/index.php\/produit\/4-cordes-8m\/#webpage","url":"https:\/\/boutique.guidekink.com\/index.php\/produit\/4-cordes-8m\/","name":"Ensemble de 4 cordes de 8m - Boutique Kink","isPartOf":{"@id":"https:\/\/boutique.guidekink.com\/#website"},"datePublished":"2022-08-02T14:18:45+00:00","dateModified":"2022-08-02T15:01:12+00:00","breadcrumb":{"@id":"https:\/\/boutique.guidekink.com\/index.php\/produit\/4-cordes-8m\/#breadcrumb"},"inLanguage":"fr-FR","potentialAction":[{"@type":"ReadAction","target":["https:\/\/boutique.guidekink.com\/index.php\/produit\/4-cordes-8m\/"]}]},{"@type":"BreadcrumbList","@id":"https:\/\/boutique.guidekink.com\/index.php\/produit\/4-cordes-8m\/#breadcrumb","itemListElement":[{"@type":"ListItem","position":1,"name":"Accueil","item":"https:\/\/boutique.guidekink.com\/"},{"@type":"ListItem","position":2,"name":"Boutique","item":"https:\/\/boutique.guidekink.com\/index.php\/boutique\/"},{"@type":"ListItem","position":3,"name":"Ensemble de 4 cordes de 8m"}]}]}},"_links":{"self":[{"href":"https:\/\/boutique.guidekink.com\/index.php\/wp-json\/wp\/v2\/product\/3129"}],"collection":[{"href":"https:\/\/boutique.guidekink.com\/index.php\/wp-json\/wp\/v2\/product"}],"about":[{"href":"https:\/\/boutique.guidekink.com\/index.php\/wp-json\/wp\/v2\/types\/product"}],"replies":[{"embeddable":true,"href":"https:\/\/boutique.guidekink.com\/index.php\/wp-json\/wp\/v2\/comments?post=3129"}],"version-history":[{"count":1,"href":"https:\/\/boutique.guidekink.com\/index.php\/wp-json\/wp\/v2\/product\/3129\/revisions"}],"predecessor-version":[{"id":3130,"href":"https:\/\/boutique.guidekink.com\/index.php\/wp-json\/wp\/v2\/product\/3129\/revisions\/3130"}],"wp:attachment":[{"href":"https:\/\/boutique.guidekink.com\/index.php\/wp-json\/wp\/v2\/media?parent=3129"}],"wp:term":[{"taxonomy":"product_cat","embeddable":true,"href":"https:\/\/boutique.guidekink.com\/index.php\/wp-json\/wp\/v2\/product_cat?post=3129"},{"taxonomy":"product_tag","embeddable":true,"href":"https:\/\/boutique.guidekink.com\/index.php\/wp-json\/wp\/v2\/product_tag?post=3129"}],"curies":[{"name":"wp","href":"https:\/\/api.w.org\/{rel}","templated":true}]}}