{"id":3127,"date":"2022-08-02T09:47:12","date_gmt":"2022-08-02T13:47:12","guid":{"rendered":"https:\/\/boutique.guidekink.com\/?post_type=product&#038;p=3127"},"modified":"2022-08-02T09:47:53","modified_gmt":"2022-08-02T13:47:53","slug":"buttplug-renard-croise","status":"publish","type":"product","link":"https:\/\/boutique.guidekink.com\/index.php\/produit\/buttplug-renard-croise\/","title":{"rendered":"Buttplug avec v\u00e9ritable queue de renard crois\u00e9"},"content":{"rendered":"<p>Ce buttplug avec une queue en fourrure v\u00e9ritable de renard crois\u00e9 est id\u00e9al pour rehausser vos jeux BDSM ou de pet play tout en apportant de nouvelles sensations.<\/p>\n<p>Nous utilisons de la v\u00e9ritable fourrure de renard provenant du Qu\u00e9bec pour la meilleure qualit\u00e9 possible. Pour l&rsquo;instant, les tailles de buttplug disponibles sont au format medium, c&rsquo;est-\u00e0-dire avec un diam\u00e8tre de 3,5cm et une hauteur de 7,6cm. Chaque fourrure est pr\u00e9par\u00e9e \u00e0 la main avant d&rsquo;\u00eatre assembl\u00e9e. Les queues mesurent environ 39cm (15,5po).<\/p>\n<p>Comme ces produits sont faits \u00e0 la main, il est possible qu&rsquo;il y ait quelques diff\u00e9rences entre les photos, les mesures pr\u00e9sent\u00e9es et la r\u00e9alit\u00e9.<\/p>\n<p>Contactez-nous par message pour avoir une queue personnalis\u00e9e selon vos pr\u00e9f\u00e9rences.<\/p>\n<p>Pour \u00e9viter d&rsquo;endommager la fourrure, laisser la dans un endroit sec et frais. Vous pouvez nous contacter sur des astuces pour l&rsquo;entretien de la queue.<\/p>\n<p>Avertissement<br \/>\n***Nous ne sommes pas responsables d&rsquo;une mauvaise utilisation ou d&rsquo;un manque d&rsquo;exp\u00e9rience lors de l&rsquo;insertion de la queue. Veuillez la nettoyer avec soin avec et apr\u00e8s chaque utilisation.***<\/p>\n<p>Dimensions<br \/>\nButt plug<br \/>\n&#8211; Longueur: 7,6cm<br \/>\n&#8211; Largeur: 3,5cm<\/p>\n<p>Queue<br \/>\nLongueur: Habituellement entre 36cm et 42cm.<\/p>\n","protected":false},"excerpt":{"rendered":"<p>Il s&rsquo;agit d&rsquo;un buttplug en silicone \u00e0 queue de renard con\u00e7u pour ceux qui veulent explorer leurs kinks dans le petplay ou d&rsquo;autres jeux BDSM. Ils sont parfaits pour ceux qui aiment la stimulation anale et pour les f\u00e9tichistes qui veulent quelque chose de diff\u00e9rent des plugs anaux ordinaires.<\/p>\n","protected":false},"featured_media":0,"comment_status":"open","ping_status":"closed","template":"","meta":{"_mi_skip_tracking":false,"site-sidebar-layout":"default","site-content-layout":"default","ast-main-header-display":"","ast-hfb-above-header-display":"","ast-hfb-below-header-display":"","ast-hfb-mobile-header-display":"","site-post-title":"","ast-breadcrumbs-content":"disabled","ast-featured-img":"","footer-sml-layout":"","theme-transparent-header-meta":"","adv-header-id-meta":"","stick-header-meta":"","header-above-stick-meta":"","header-main-stick-meta":"","header-below-stick-meta":"","spay_email":""},"product_cat":[60],"product_tag":[],"yoast_head":"<!-- This site is optimized with the Yoast SEO plugin v18.1 - https:\/\/yoast.com\/wordpress\/plugins\/seo\/ -->\n<title>Buttplug avec v\u00e9ritable queue de renard crois\u00e9 - Boutique Kink<\/title>\n<meta name=\"robots\" content=\"noindex, follow, max-snippet:-1, max-image-preview:large, max-video-preview:-1\" \/>\n<meta property=\"og:locale\" content=\"fr_FR\" \/>\n<meta property=\"og:type\" content=\"article\" \/>\n<meta property=\"og:title\" content=\"Buttplug avec v\u00e9ritable queue de renard crois\u00e9 - Boutique Kink\" \/>\n<meta property=\"og:description\" content=\"Il s&#039;agit d&#039;un buttplug en silicone \u00e0 queue de renard con\u00e7u pour ceux qui veulent explorer leurs kinks dans le petplay ou d&#039;autres jeux BDSM. Ils sont parfaits pour ceux qui aiment la stimulation anale et pour les f\u00e9tichistes qui veulent quelque chose de diff\u00e9rent des plugs anaux ordinaires.\" \/>\n<meta property=\"og:url\" content=\"https:\/\/boutique.guidekink.com\/index.php\/produit\/buttplug-renard-croise\/\" \/>\n<meta property=\"og:site_name\" content=\"Boutique Kink\" \/>\n<meta property=\"article:modified_time\" content=\"2022-08-02T13:47:53+00:00\" \/>\n<meta name=\"twitter:card\" content=\"summary_large_image\" \/>\n<meta name=\"twitter:label1\" content=\"Dur\u00e9e de lecture estim\u00e9e\" \/>\n\t<meta name=\"twitter:data1\" content=\"1 minute\" \/>\n<script type=\"application\/ld+json\" class=\"yoast-schema-graph\">{\"@context\":\"https:\/\/schema.org\",\"@graph\":[{\"@type\":\"WebSite\",\"@id\":\"https:\/\/boutique.guidekink.com\/#website\",\"url\":\"https:\/\/boutique.guidekink.com\/\",\"name\":\"Boutique Kink\",\"description\":\"\",\"potentialAction\":[{\"@type\":\"SearchAction\",\"target\":{\"@type\":\"EntryPoint\",\"urlTemplate\":\"https:\/\/boutique.guidekink.com\/?s={search_term_string}\"},\"query-input\":\"required name=search_term_string\"}],\"inLanguage\":\"fr-FR\"},{\"@type\":\"WebPage\",\"@id\":\"https:\/\/boutique.guidekink.com\/index.php\/produit\/buttplug-renard-croise\/#webpage\",\"url\":\"https:\/\/boutique.guidekink.com\/index.php\/produit\/buttplug-renard-croise\/\",\"name\":\"Buttplug avec v\u00e9ritable queue de renard crois\u00e9 - Boutique Kink\",\"isPartOf\":{\"@id\":\"https:\/\/boutique.guidekink.com\/#website\"},\"datePublished\":\"2022-08-02T13:47:12+00:00\",\"dateModified\":\"2022-08-02T13:47:53+00:00\",\"breadcrumb\":{\"@id\":\"https:\/\/boutique.guidekink.com\/index.php\/produit\/buttplug-renard-croise\/#breadcrumb\"},\"inLanguage\":\"fr-FR\",\"potentialAction\":[{\"@type\":\"ReadAction\",\"target\":[\"https:\/\/boutique.guidekink.com\/index.php\/produit\/buttplug-renard-croise\/\"]}]},{\"@type\":\"BreadcrumbList\",\"@id\":\"https:\/\/boutique.guidekink.com\/index.php\/produit\/buttplug-renard-croise\/#breadcrumb\",\"itemListElement\":[{\"@type\":\"ListItem\",\"position\":1,\"name\":\"Accueil\",\"item\":\"https:\/\/boutique.guidekink.com\/\"},{\"@type\":\"ListItem\",\"position\":2,\"name\":\"Boutique\",\"item\":\"https:\/\/boutique.guidekink.com\/index.php\/boutique\/\"},{\"@type\":\"ListItem\",\"position\":3,\"name\":\"Buttplug avec v\u00e9ritable queue de renard crois\u00e9\"}]}]}<\/script>\n<!-- \/ Yoast SEO plugin. -->","yoast_head_json":{"title":"Buttplug avec v\u00e9ritable queue de renard crois\u00e9 - Boutique Kink","robots":{"index":"noindex","follow":"follow","max-snippet":"max-snippet:-1","max-image-preview":"max-image-preview:large","max-video-preview":"max-video-preview:-1"},"og_locale":"fr_FR","og_type":"article","og_title":"Buttplug avec v\u00e9ritable queue de renard crois\u00e9 - Boutique Kink","og_description":"Il s'agit d'un buttplug en silicone \u00e0 queue de renard con\u00e7u pour ceux qui veulent explorer leurs kinks dans le petplay ou d'autres jeux BDSM. Ils sont parfaits pour ceux qui aiment la stimulation anale et pour les f\u00e9tichistes qui veulent quelque chose de diff\u00e9rent des plugs anaux ordinaires.","og_url":"https:\/\/boutique.guidekink.com\/index.php\/produit\/buttplug-renard-croise\/","og_site_name":"Boutique Kink","article_modified_time":"2022-08-02T13:47:53+00:00","twitter_card":"summary_large_image","twitter_misc":{"Dur\u00e9e de lecture estim\u00e9e":"1 minute"},"schema":{"@context":"https:\/\/schema.org","@graph":[{"@type":"WebSite","@id":"https:\/\/boutique.guidekink.com\/#website","url":"https:\/\/boutique.guidekink.com\/","name":"Boutique Kink","description":"","potentialAction":[{"@type":"SearchAction","target":{"@type":"EntryPoint","urlTemplate":"https:\/\/boutique.guidekink.com\/?s={search_term_string}"},"query-input":"required name=search_term_string"}],"inLanguage":"fr-FR"},{"@type":"WebPage","@id":"https:\/\/boutique.guidekink.com\/index.php\/produit\/buttplug-renard-croise\/#webpage","url":"https:\/\/boutique.guidekink.com\/index.php\/produit\/buttplug-renard-croise\/","name":"Buttplug avec v\u00e9ritable queue de renard crois\u00e9 - Boutique Kink","isPartOf":{"@id":"https:\/\/boutique.guidekink.com\/#website"},"datePublished":"2022-08-02T13:47:12+00:00","dateModified":"2022-08-02T13:47:53+00:00","breadcrumb":{"@id":"https:\/\/boutique.guidekink.com\/index.php\/produit\/buttplug-renard-croise\/#breadcrumb"},"inLanguage":"fr-FR","potentialAction":[{"@type":"ReadAction","target":["https:\/\/boutique.guidekink.com\/index.php\/produit\/buttplug-renard-croise\/"]}]},{"@type":"BreadcrumbList","@id":"https:\/\/boutique.guidekink.com\/index.php\/produit\/buttplug-renard-croise\/#breadcrumb","itemListElement":[{"@type":"ListItem","position":1,"name":"Accueil","item":"https:\/\/boutique.guidekink.com\/"},{"@type":"ListItem","position":2,"name":"Boutique","item":"https:\/\/boutique.guidekink.com\/index.php\/boutique\/"},{"@type":"ListItem","position":3,"name":"Buttplug avec v\u00e9ritable queue de renard crois\u00e9"}]}]}},"_links":{"self":[{"href":"https:\/\/boutique.guidekink.com\/index.php\/wp-json\/wp\/v2\/product\/3127"}],"collection":[{"href":"https:\/\/boutique.guidekink.com\/index.php\/wp-json\/wp\/v2\/product"}],"about":[{"href":"https:\/\/boutique.guidekink.com\/index.php\/wp-json\/wp\/v2\/types\/product"}],"replies":[{"embeddable":true,"href":"https:\/\/boutique.guidekink.com\/index.php\/wp-json\/wp\/v2\/comments?post=3127"}],"version-history":[{"count":1,"href":"https:\/\/boutique.guidekink.com\/index.php\/wp-json\/wp\/v2\/product\/3127\/revisions"}],"predecessor-version":[{"id":3128,"href":"https:\/\/boutique.guidekink.com\/index.php\/wp-json\/wp\/v2\/product\/3127\/revisions\/3128"}],"wp:attachment":[{"href":"https:\/\/boutique.guidekink.com\/index.php\/wp-json\/wp\/v2\/media?parent=3127"}],"wp:term":[{"taxonomy":"product_cat","embeddable":true,"href":"https:\/\/boutique.guidekink.com\/index.php\/wp-json\/wp\/v2\/product_cat?post=3127"},{"taxonomy":"product_tag","embeddable":true,"href":"https:\/\/boutique.guidekink.com\/index.php\/wp-json\/wp\/v2\/product_tag?post=3127"}],"curies":[{"name":"wp","href":"https:\/\/api.w.org\/{rel}","templated":true}]}}