{"id":2976,"date":"2022-02-19T05:56:35","date_gmt":"2022-02-19T04:56:35","guid":{"rendered":"https:\/\/boutique.guidekink.com\/?post_type=product&#038;p=2976"},"modified":"2022-08-02T08:55:03","modified_gmt":"2022-08-02T12:55:03","slug":"cordes-depart","status":"publish","type":"product","link":"https:\/\/boutique.guidekink.com\/index.php\/produit\/cordes-depart\/","title":{"rendered":"Ensemble de cordes de d\u00e9part"},"content":{"rendered":"<p>Cet ensemble de cordes en jute est id\u00e9al pour pratiquer le bondage japonais, aussi appel\u00e9 le shibari ou le kinbaku.<\/p>\n<p>Nous utilisons la meilleure qualit\u00e9 de jute possible sur le march\u00e9 pour faire nos cordes qui sont trait\u00e9es avec de l&rsquo;huile de jojoba pour offrir une exp\u00e9rience des plus agr\u00e9ables. Les fibres choisies ne contiennent aucun produit chimique qui peut \u00eatre irritant pour la peau. Pour garder une couleur uniforme, les cordes ont \u00e9t\u00e9 adoucies par friction plut\u00f4t que par combustion.<\/p>\n<p>Le Shibari est tr\u00e8s populaire dans le milieu BDSM. Il permet une bonne porte d&rsquo;entr\u00e9e dans le milieu BDSM en raison de sa grande souplesse. D\u00e9pendamment de votre exp\u00e9rience, ces cordes sont aussi bien adapt\u00e9es pour attacher au sol que pour faire de la suspension.<\/p>\n<p>Contactez-nous pour avoir un ensemble personnalis\u00e9 comprenant les longueurs de cordes et le nombre de cordes de votre choix.<\/p>\n<p>***Nous ne sommes pas responsables des blessures qui peuvent \u00eatre caus\u00e9es par une mauvaise utilisation ou par un manque d&rsquo;exp\u00e9rience. Il est de votre devoir de vous renseigner et d&rsquo;apprendre les bases du bondage avant de tenter quoi que ce soit.***<\/p>\n<p>Ce lot comprend 4 cordes de 8m (26 ft), 2 cordes de 4m (13 ft) et une corde de 1m (3 ft).<\/p>\n<p>Nous utilisons la meilleure qualit\u00e9 de jute possible pour faire nos cordes qui sont trait\u00e9es avec de l&rsquo;huile de jojoba pour une exp\u00e9rience agr\u00e9able.<\/p>\n<p>&nbsp;<\/p>\n<p>Zone technique:<br \/>\nLongueur: 4 x 8m (26ft), 2 x 4m (13ft), 1 x 1m (3ft)<br \/>\nDiam\u00e8tre: 6mm<br \/>\nFibre: jute tossa sans aucun JBO<br \/>\nCorde single ply tressage en Z<br \/>\nN\u0153uds aux extr\u00e9mit\u00e9s fait \u00e0 la main et v\u00e9rifi\u00e9<\/p>\n","protected":false},"excerpt":{"rendered":"<p>Le bondage est une des pratiques les plus courantes du milieu BDSM. Avec cet ensemble, vous serez suffisamment \u00e9quip\u00e9 pour de nombreux jeux de restriction.<\/p>\n","protected":false},"featured_media":0,"comment_status":"open","ping_status":"closed","template":"","meta":{"_mi_skip_tracking":false,"site-sidebar-layout":"default","site-content-layout":"default","ast-main-header-display":"","ast-hfb-above-header-display":"","ast-hfb-below-header-display":"","ast-hfb-mobile-header-display":"","site-post-title":"","ast-breadcrumbs-content":"disabled","ast-featured-img":"","footer-sml-layout":"","theme-transparent-header-meta":"","adv-header-id-meta":"","stick-header-meta":"","header-above-stick-meta":"","header-main-stick-meta":"","header-below-stick-meta":"","spay_email":""},"product_cat":[42,61],"product_tag":[],"yoast_head":"<!-- This site is optimized with the Yoast SEO plugin v18.1 - https:\/\/yoast.com\/wordpress\/plugins\/seo\/ -->\n<title>Ensemble de cordes de d\u00e9part - Boutique Kink<\/title>\n<meta name=\"robots\" content=\"noindex, follow, max-snippet:-1, max-image-preview:large, max-video-preview:-1\" \/>\n<meta property=\"og:locale\" content=\"fr_FR\" \/>\n<meta property=\"og:type\" content=\"article\" \/>\n<meta property=\"og:title\" content=\"Ensemble de cordes de d\u00e9part - Boutique Kink\" \/>\n<meta property=\"og:description\" content=\"Le bondage est une des pratiques les plus courantes du milieu BDSM. Avec cet ensemble, vous serez suffisamment \u00e9quip\u00e9 pour de nombreux jeux de restriction.\" \/>\n<meta property=\"og:url\" content=\"https:\/\/boutique.guidekink.com\/index.php\/produit\/cordes-depart\/\" \/>\n<meta property=\"og:site_name\" content=\"Boutique Kink\" \/>\n<meta property=\"article:modified_time\" content=\"2022-08-02T12:55:03+00:00\" \/>\n<meta name=\"twitter:card\" content=\"summary_large_image\" \/>\n<meta name=\"twitter:label1\" content=\"Dur\u00e9e de lecture estim\u00e9e\" \/>\n\t<meta name=\"twitter:data1\" content=\"2 minutes\" \/>\n<script type=\"application\/ld+json\" class=\"yoast-schema-graph\">{\"@context\":\"https:\/\/schema.org\",\"@graph\":[{\"@type\":\"WebSite\",\"@id\":\"https:\/\/boutique.guidekink.com\/#website\",\"url\":\"https:\/\/boutique.guidekink.com\/\",\"name\":\"Boutique Kink\",\"description\":\"\",\"potentialAction\":[{\"@type\":\"SearchAction\",\"target\":{\"@type\":\"EntryPoint\",\"urlTemplate\":\"https:\/\/boutique.guidekink.com\/?s={search_term_string}\"},\"query-input\":\"required name=search_term_string\"}],\"inLanguage\":\"fr-FR\"},{\"@type\":\"WebPage\",\"@id\":\"https:\/\/boutique.guidekink.com\/index.php\/produit\/cordes-depart\/#webpage\",\"url\":\"https:\/\/boutique.guidekink.com\/index.php\/produit\/cordes-depart\/\",\"name\":\"Ensemble de cordes de d\u00e9part - Boutique Kink\",\"isPartOf\":{\"@id\":\"https:\/\/boutique.guidekink.com\/#website\"},\"datePublished\":\"2022-02-19T04:56:35+00:00\",\"dateModified\":\"2022-08-02T12:55:03+00:00\",\"breadcrumb\":{\"@id\":\"https:\/\/boutique.guidekink.com\/index.php\/produit\/cordes-depart\/#breadcrumb\"},\"inLanguage\":\"fr-FR\",\"potentialAction\":[{\"@type\":\"ReadAction\",\"target\":[\"https:\/\/boutique.guidekink.com\/index.php\/produit\/cordes-depart\/\"]}]},{\"@type\":\"BreadcrumbList\",\"@id\":\"https:\/\/boutique.guidekink.com\/index.php\/produit\/cordes-depart\/#breadcrumb\",\"itemListElement\":[{\"@type\":\"ListItem\",\"position\":1,\"name\":\"Accueil\",\"item\":\"https:\/\/boutique.guidekink.com\/\"},{\"@type\":\"ListItem\",\"position\":2,\"name\":\"Boutique\",\"item\":\"https:\/\/boutique.guidekink.com\/index.php\/boutique\/\"},{\"@type\":\"ListItem\",\"position\":3,\"name\":\"Ensemble de cordes de d\u00e9part\"}]}]}<\/script>\n<!-- \/ Yoast SEO plugin. -->","yoast_head_json":{"title":"Ensemble de cordes de d\u00e9part - Boutique Kink","robots":{"index":"noindex","follow":"follow","max-snippet":"max-snippet:-1","max-image-preview":"max-image-preview:large","max-video-preview":"max-video-preview:-1"},"og_locale":"fr_FR","og_type":"article","og_title":"Ensemble de cordes de d\u00e9part - Boutique Kink","og_description":"Le bondage est une des pratiques les plus courantes du milieu BDSM. Avec cet ensemble, vous serez suffisamment \u00e9quip\u00e9 pour de nombreux jeux de restriction.","og_url":"https:\/\/boutique.guidekink.com\/index.php\/produit\/cordes-depart\/","og_site_name":"Boutique Kink","article_modified_time":"2022-08-02T12:55:03+00:00","twitter_card":"summary_large_image","twitter_misc":{"Dur\u00e9e de lecture estim\u00e9e":"2 minutes"},"schema":{"@context":"https:\/\/schema.org","@graph":[{"@type":"WebSite","@id":"https:\/\/boutique.guidekink.com\/#website","url":"https:\/\/boutique.guidekink.com\/","name":"Boutique Kink","description":"","potentialAction":[{"@type":"SearchAction","target":{"@type":"EntryPoint","urlTemplate":"https:\/\/boutique.guidekink.com\/?s={search_term_string}"},"query-input":"required name=search_term_string"}],"inLanguage":"fr-FR"},{"@type":"WebPage","@id":"https:\/\/boutique.guidekink.com\/index.php\/produit\/cordes-depart\/#webpage","url":"https:\/\/boutique.guidekink.com\/index.php\/produit\/cordes-depart\/","name":"Ensemble de cordes de d\u00e9part - Boutique Kink","isPartOf":{"@id":"https:\/\/boutique.guidekink.com\/#website"},"datePublished":"2022-02-19T04:56:35+00:00","dateModified":"2022-08-02T12:55:03+00:00","breadcrumb":{"@id":"https:\/\/boutique.guidekink.com\/index.php\/produit\/cordes-depart\/#breadcrumb"},"inLanguage":"fr-FR","potentialAction":[{"@type":"ReadAction","target":["https:\/\/boutique.guidekink.com\/index.php\/produit\/cordes-depart\/"]}]},{"@type":"BreadcrumbList","@id":"https:\/\/boutique.guidekink.com\/index.php\/produit\/cordes-depart\/#breadcrumb","itemListElement":[{"@type":"ListItem","position":1,"name":"Accueil","item":"https:\/\/boutique.guidekink.com\/"},{"@type":"ListItem","position":2,"name":"Boutique","item":"https:\/\/boutique.guidekink.com\/index.php\/boutique\/"},{"@type":"ListItem","position":3,"name":"Ensemble de cordes de d\u00e9part"}]}]}},"_links":{"self":[{"href":"https:\/\/boutique.guidekink.com\/index.php\/wp-json\/wp\/v2\/product\/2976"}],"collection":[{"href":"https:\/\/boutique.guidekink.com\/index.php\/wp-json\/wp\/v2\/product"}],"about":[{"href":"https:\/\/boutique.guidekink.com\/index.php\/wp-json\/wp\/v2\/types\/product"}],"replies":[{"embeddable":true,"href":"https:\/\/boutique.guidekink.com\/index.php\/wp-json\/wp\/v2\/comments?post=2976"}],"version-history":[{"count":3,"href":"https:\/\/boutique.guidekink.com\/index.php\/wp-json\/wp\/v2\/product\/2976\/revisions"}],"predecessor-version":[{"id":3122,"href":"https:\/\/boutique.guidekink.com\/index.php\/wp-json\/wp\/v2\/product\/2976\/revisions\/3122"}],"wp:attachment":[{"href":"https:\/\/boutique.guidekink.com\/index.php\/wp-json\/wp\/v2\/media?parent=2976"}],"wp:term":[{"taxonomy":"product_cat","embeddable":true,"href":"https:\/\/boutique.guidekink.com\/index.php\/wp-json\/wp\/v2\/product_cat?post=2976"},{"taxonomy":"product_tag","embeddable":true,"href":"https:\/\/boutique.guidekink.com\/index.php\/wp-json\/wp\/v2\/product_tag?post=2976"}],"curies":[{"name":"wp","href":"https:\/\/api.w.org\/{rel}","templated":true}]}}